{"id":6585,"date":"2022-03-22T23:49:15","date_gmt":"2022-03-22T20:49:15","guid":{"rendered":"https:\/\/sysoly.com\/seite-nicht-gefunden\/"},"modified":"2024-09-14T06:00:56","modified_gmt":"2024-09-14T03:00:56","slug":"seite-nicht-gefunden","status":"publish","type":"page","link":"https:\/\/sysoly.com\/de\/seite-nicht-gefunden\/","title":{"rendered":"Seite nicht gefunden"},"content":{"rendered":"\t\t<div data-elementor-type=\"wp-page\" data-elementor-id=\"6585\" class=\"elementor elementor-6585 elementor-3766\" data-elementor-post-type=\"page\">\n\t\t\t\t\t\t<section class=\"elementor-section elementor-top-section elementor-element elementor-element-1d8623f elementor-section-full_width elementor-section-height-full elementor-section-height-default elementor-section-items-middle\" data-id=\"1d8623f\" data-element_type=\"section\" data-e-type=\"section\" data-settings=\"{&quot;background_background&quot;:&quot;classic&quot;,&quot;shape_divider_bottom&quot;:&quot;curve&quot;,&quot;pix_scale_in&quot;:&quot;none&quot;}\">\n\t\t\t\t\t\t\t<div class=\"elementor-background-overlay\"><\/div>\n\t\t\t\t\t\t<div class=\"elementor-shape elementor-shape-bottom\" aria-hidden=\"true\" data-negative=\"false\">\n\t\t\t<svg xmlns=\"http:\/\/www.w3.org\/2000\/svg\" viewBox=\"0 0 1000 100\" preserveAspectRatio=\"none\">\n    <path class=\"elementor-shape-fill\" d=\"M1000,4.3V0H0v4.3C0.9,23.1,126.7,99.2,500,100S1000,22.7,1000,4.3z\"\/>\n<\/svg>\t\t<\/div>\n\t\t\t\t\t<div class=\"elementor-container elementor-column-gap-no\">\n\t\t\t\t\t<div class=\"elementor-column elementor-col-100 elementor-top-column elementor-element elementor-element-5de512d\" data-id=\"5de512d\" data-element_type=\"column\" data-e-type=\"column\" data-settings=\"{&quot;pix_scale_in&quot;:&quot;none&quot;}\">\n\t\t\t<div class=\"elementor-widget-wrap elementor-element-populated\">\n\t\t\t\t\t\t<div class=\"elementor-element elementor-element-2ee0a24 elementor-widget elementor-widget-pix-marquee\" data-id=\"2ee0a24\" data-element_type=\"widget\" data-e-type=\"widget\" data-widget_type=\"pix-marquee.default\">\n\t\t\t\t<div class=\"elementor-widget-container\">\n\t\t\t\t\t<div id=\"el-2ee0a24\" class=\"pix-marquee-element d-flex \" ><div class=\"pix-marquee  pix-gray-effect pix-colored-hover \" data-base-velocity=\"100\"><div class=\"marquee__inner \" aria-hidden=\"true\"><div class=\"pix-marquee-item text-gradient-primary pix-custom-text-size font-weight-bold heading-font\" style=\"font-size:100px;\">404 Sayfa Bulunamad\u0131<\/div><div class=\"pix-marquee-item d-flex justify-content-center text-gradient-primary pix-custom-text-size \" style=\"font-size:100px;height:100px;\"><svg class=\"pixfort-icon \" width=\"24\" height=\"24\"  data-name=\"Duotone\/pixfort-icon-alert-1\" viewBox=\"2 2 20 20\"><g fill=\"none\" fill-rule=\"evenodd\"><path fill=\"var(--pf-icon-color)\" fill-opacity=\".25\" d=\"M13.7888544,3.57770876 L21.5527864,19.1055728 C22.0467649,20.0935298 21.6463162,21.2948759 20.6583592,21.7888544 C20.3806483,21.9277098 20.0744222,22 19.763932,22 L4.23606798,22 C3.13149848,22 2.23606798,21.1045695 2.23606798,20 C2.23606798,19.6895098 2.30835816,19.3832837 2.4472136,19.1055728 L10.2111456,3.57770876 C10.7051241,2.58975177 11.9064702,2.18930308 12.8944272,2.68328157 C13.281482,2.87680898 13.595327,3.19065396 13.7888544,3.57770876 Z\"\/><path fill=\"var(--pf-icon-color)\" d=\"M12.25,15.85 L11.75,15.85 C11.1977153,15.85 10.75,16.2977153 10.75,16.85 L10.75,17.45 C10.75,18.0022847 11.1977153,18.45 11.75,18.45 L12.25,18.45 C12.8022847,18.45 13.25,18.0022847 13.25,17.45 L13.25,16.85 C13.25,16.2977153 12.8022847,15.85 12.25,15.85 Z M11.9992847,8 C11.3153216,8 10.7608601,8.55446158 10.7608601,9.23842461 L11.001262,14.0502227 C11.0649519,15.3167734 12.9354239,15.3165065 12.9987523,14.0499376 L13.2362322,9.30034013 C13.2703896,8.61719287 12.7442793,8.03570258 12.0611321,8.00154522 L11.9992847,8 Z\"\/><\/g><\/svg><\/div><\/div><\/div><\/div>\t\t\t\t<\/div>\n\t\t\t\t<\/div>\n\t\t\t\t<div class=\"elementor-element elementor-element-4f0e4b6a elementor-widget elementor-widget-pix-highlighted-text\" data-id=\"4f0e4b6a\" data-element_type=\"widget\" data-e-type=\"widget\" data-widget_type=\"pix-highlighted-text.default\">\n\t\t\t\t<div class=\"elementor-widget-container\">\n\t\t\t\t\t<div id=\"el-4f0e4b6a\" class=\"pix-highlighted-element text-center \"><div class=\"d-inline-block\" style=\"max-width:500px;\"><h1 class=\"pix-highlighted-items \" style=\"\" data-anim-type=\"\" data-anim-delay=\"\"><span id=\"el-4f0e4b6a-0\" class=\"pix-highlight-bg   elementor-repeater-item-b2f5606 el-4f0e4b6a-0 animate-in\" data-anim-type=\"highlight-grow\" data-anim-delay=\"200\"><span   class=\"pix-highlighted-text pix-highlight-item font-weight-normal  font-weight-bold heading-font text-heading-default\">Ups!<\/span><\/span><span id=\"el-4f0e4b6a-1\"  class=\" elementor-repeater-item-3d6442b\"><span   class=\"pix-highlighted-text  pix-highlight-item font-weight-normal  heading-font text-heading-default\"><br>  Die von Ihnen gesuchte Seite kann nicht gefunden werden<\/span><\/span><\/h1><\/div><\/div>\t\t\t\t<\/div>\n\t\t\t\t<\/div>\n\t\t\t\t<div class=\"elementor-element elementor-element-b1c10b9 elementor-invisible elementor-widget elementor-widget-pix-text\" data-id=\"b1c10b9\" data-element_type=\"widget\" data-e-type=\"widget\" data-widget_type=\"pix-text.default\">\n\t\t\t\t<div class=\"elementor-widget-container\">\n\t\t\t\t\t<div class=\"pix-el-text w-100 text-center \" ><p class=\"text-20 resp-option text-body-default text-center \" ><span class=\"text-body-default animate-in d-inline-block\" data-anim-delay=\"150\" data-anim-type=\"fade-in-up\">Sieht aus, als w\u00e4re hier nichts gefunden worden.<\/span><\/p><\/div>\t\t\t\t<\/div>\n\t\t\t\t<\/div>\n\t\t\t\t<div class=\"elementor-element elementor-element-6702a1e4 elementor-widget__width-auto elementor-widget elementor-widget-pix-button\" data-id=\"6702a1e4\" data-element_type=\"widget\" data-e-type=\"widget\" data-widget_type=\"pix-button.default\">\n\t\t\t\t<div class=\"elementor-widget-container\">\n\t\t\t\t\t<a  href=\"https:\/\/sysoly.com\" class=\"btn m-0     shadow-sm text-white btn-gradient-primary d-inline-flex align-items-center pix-hover-item       animate-in btn-md\"   data-anim-type=\"fade-in-left\" data-anim-delay=\"1000\" ><span class=\"font-weight-bold \" >Zur\u00fcck zur Homepage<\/span><svg class=\"pixfort-icon font-weight-bold  pix-hover-right  ml-2\" width=\"24\" height=\"24\"  data-name=\"Line\/pixfort-icon-arrow-right-2\" viewBox=\"2 2 20 20\"><polyline fill=\"none\" stroke=\"var(--pf-icon-color)\" stroke-linecap=\"round\" stroke-linejoin=\"round\" stroke-width=\"var(--pf-icon-stroke-width)\" points=\"9.5 17 14.5 12 9.5 7\"\/><\/svg><\/a>\t\t\t\t<\/div>\n\t\t\t\t<\/div>\n\t\t\t\t\t<\/div>\n\t\t<\/div>\n\t\t\t\t\t<\/div>\n\t\t<\/section>\n\t\t\t\t<\/div>\n\t\t","protected":false},"excerpt":{"rendered":"404 Sayfa Bulunamad\u0131 Ups! Die von Ihnen gesuchte Seite kann nicht gefunden werden Sieht aus, als w\u00e4re hier nichts gefunden worden. Zur\u00fcck zur Homepage","protected":false},"author":1,"featured_media":0,"parent":0,"menu_order":0,"comment_status":"closed","ping_status":"closed","template":"","meta":{"_yoast_wpseo_metadesc":"","_yoast_wpseo_canonical":"","_yoast_wpseo_opengraph-title":"","_yoast_wpseo_opengraph-description":"","_yoast_wpseo_opengraph-image":"","_yoast_wpseo_twitter-title":"","_yoast_wpseo_twitter-description":"","_yoast_wpseo_twitter-image":"","rank_math_description":"","rank_math_canonical_url":"","rank_math_facebook_title":"","rank_math_facebook_description":"","rank_math_facebook_image":"","rank_math_twitter_title":"","rank_math_twitter_description":"","rank_math_twitter_image":"","_seopress_titles_desc":"","_seopress_robots_canonical":"","_seopress_social_fb_title":"","_seopress_social_fb_desc":"","_seopress_social_fb_img":"","_seopress_social_twitter_title":"","_seopress_social_twitter_desc":"","_seopress_social_twitter_img":"","_yoast_wpseo_opengraph-image-id":0,"_yoast_wpseo_twitter-image-id":0,"rank_math_facebook_image_id":0,"rank_math_twitter_image_id":0,"footnotes":""},"class_list":["post-6585","page","type-page","status-publish","hentry"],"_links":{"self":[{"href":"https:\/\/sysoly.com\/de\/wp-json\/wp\/v2\/pages\/6585","targetHints":{"allow":["GET"]}}],"collection":[{"href":"https:\/\/sysoly.com\/de\/wp-json\/wp\/v2\/pages"}],"about":[{"href":"https:\/\/sysoly.com\/de\/wp-json\/wp\/v2\/types\/page"}],"author":[{"embeddable":true,"href":"https:\/\/sysoly.com\/de\/wp-json\/wp\/v2\/users\/1"}],"replies":[{"embeddable":true,"href":"https:\/\/sysoly.com\/de\/wp-json\/wp\/v2\/comments?post=6585"}],"version-history":[{"count":1,"href":"https:\/\/sysoly.com\/de\/wp-json\/wp\/v2\/pages\/6585\/revisions"}],"predecessor-version":[{"id":6588,"href":"https:\/\/sysoly.com\/de\/wp-json\/wp\/v2\/pages\/6585\/revisions\/6588"}],"wp:attachment":[{"href":"https:\/\/sysoly.com\/de\/wp-json\/wp\/v2\/media?parent=6585"}],"curies":[{"name":"wp","href":"https:\/\/api.w.org\/{rel}","templated":true}]}}