{"id":6578,"date":"2024-03-10T04:26:31","date_gmt":"2024-03-10T01:26:31","guid":{"rendered":"https:\/\/sysoly.com\/cookie-richtlinie\/"},"modified":"2024-09-14T05:58:37","modified_gmt":"2024-09-14T02:58:37","slug":"cookie-richtlinie","status":"publish","type":"page","link":"https:\/\/sysoly.com\/de\/cookie-richtlinie\/","title":{"rendered":"Cookie-Richtlinie"},"content":{"rendered":"\t\t<div data-elementor-type=\"wp-page\" data-elementor-id=\"6578\" class=\"elementor elementor-6578 elementor-4489\" data-elementor-post-type=\"page\">\n\t\t\t\t\t\t<section class=\"elementor-section elementor-top-section elementor-element elementor-element-7f5aacda elementor-section-stretched elementor-section-boxed elementor-section-height-default elementor-section-height-default\" data-id=\"7f5aacda\" data-element_type=\"section\" data-e-type=\"section\" id=\"pix_section_services\" data-settings=\"{&quot;stretch_section&quot;:&quot;section-stretched&quot;,&quot;pix_scale_in&quot;:&quot;none&quot;}\">\n\t\t\t\t\t\t<div class=\"elementor-container elementor-column-gap-default\">\n\t\t\t\t\t<div class=\"elementor-column elementor-col-100 elementor-top-column elementor-element elementor-element-c1f363a\" data-id=\"c1f363a\" data-element_type=\"column\" data-e-type=\"column\" data-settings=\"{&quot;pix_scale_in&quot;:&quot;none&quot;}\">\n\t\t\t<div class=\"elementor-widget-wrap\">\n\t\t\t\t\t\t\t<\/div>\n\t\t<\/div>\n\t\t\t\t\t<\/div>\n\t\t<\/section>\n\t\t\t\t<section class=\"elementor-section elementor-top-section elementor-element elementor-element-6283ad5 elementor-section-boxed elementor-section-height-default elementor-section-height-default\" data-id=\"6283ad5\" data-element_type=\"section\" data-e-type=\"section\" data-settings=\"{&quot;pix_scale_in&quot;:&quot;none&quot;}\">\n\t\t\t\t\t\t<div class=\"elementor-container elementor-column-gap-default\">\n\t\t\t\t\t<div class=\"elementor-column elementor-col-100 elementor-top-column elementor-element elementor-element-1bf5401\" data-id=\"1bf5401\" data-element_type=\"column\" data-e-type=\"column\" data-settings=\"{&quot;pix_scale_in&quot;:&quot;none&quot;}\">\n\t\t\t<div class=\"elementor-widget-wrap elementor-element-populated\">\n\t\t\t\t\t\t<div class=\"elementor-element elementor-element-430b0009 elementor-widget elementor-widget-text-editor\" data-id=\"430b0009\" data-element_type=\"widget\" data-e-type=\"widget\" data-widget_type=\"text-editor.default\">\n\t\t\t\t<div class=\"elementor-widget-container\">\n\t\t\t\t\t\t\t\t\t<h4>Cookie-Richtlinie<\/h4>\n<p>Wir, sysoly.com, sorgen uns um die Privatsph\u00e4re der Benutzer, die unsere Website besuchen.<br \/>\nDaher bieten wir eine detaillierte Richtlinie zu Cookies: <\/p>\n<ol>\n<li>\n<p><strong>Verwendung von Cookies:<\/strong> sysoly.com m\u00f6chte die Benutzererfahrung verbessern und die Effektivit\u00e4t der Website durch die Verwendung von Cookies erh\u00f6hen.<br \/>\nCookies helfen uns, die Pr\u00e4ferenzen der Benutzer zu speichern und zu verstehen, welche Teile der Website die meiste Aufmerksamkeit auf sich ziehen. <\/p>\n<\/li>\n<li>\n<p><strong>Arten von Cookies:<\/strong> Die auf unserer Website verwendeten Cookies werden in zwei Hauptkategorien unterteilt: Sitzungscookies und dauerhafte Cookies.<br \/>\nSitzungscookies werden vor\u00fcbergehend gespeichert, w\u00e4hrend der Benutzer unsere Website besucht, w\u00e4hrend dauerhafte Cookies f\u00fcr einen l\u00e4ngeren Zeitraum verwendet werden k\u00f6nnen. <\/p>\n<\/li>\n<li>\n<p><strong>Cookies von Dritten:<\/strong> In einigen F\u00e4llen k\u00f6nnen auch Drittanbieter Cookies verwenden, um die Dienste von sysoly.com zu nutzen.<br \/>\nDie Verwendung dieser Cookies unterliegt den Cookie-Richtlinien der jeweiligen Drittpartei. <\/p>\n<\/li>\n<li>\n<p><strong>Cookies kontrollieren:<\/strong> Sie k\u00f6nnen Cookies akzeptieren oder ablehnen, indem Sie Ihre Browsereinstellungen \u00e4ndern.<br \/>\nDie Deaktivierung von Cookies kann jedoch dazu f\u00fchren, dass einige Funktionen unserer Website nicht funktionieren. <\/p>\n<\/li>\n<li>\n<p><strong>Aktualisierungen der Richtlinie:<\/strong> Unsere Cookie-Richtlinie kann von Zeit zu Zeit aktualisiert werden.<br \/>\nIm Falle von \u00c4nderungen informieren wir die Benutzer durch Ver\u00f6ffentlichung der aktualisierten Richtlinie. <\/p>\n<\/li>\n<\/ol>\n\t\t\t\t\t\t\t\t<\/div>\n\t\t\t\t<\/div>\n\t\t\t\t\t<\/div>\n\t\t<\/div>\n\t\t\t\t\t<\/div>\n\t\t<\/section>\n\t\t\t\t<\/div>\n\t\t","protected":false},"excerpt":{"rendered":"Cookie-Richtlinie Wir, sysoly.com, sorgen uns um die Privatsph\u00e4re der Benutzer, die unsere Website besuchen. Daher bieten wir eine detaillierte Richtlinie zu Cookies: Verwendung von Cookies: sysoly.com m\u00f6chte die Benutzererfahrung verbessern und die Effektivit\u00e4t der Website durch die Verwendung von Cookies&#8230;","protected":false},"author":1,"featured_media":0,"parent":0,"menu_order":0,"comment_status":"closed","ping_status":"closed","template":"","meta":{"_yoast_wpseo_metadesc":"","_yoast_wpseo_canonical":"","_yoast_wpseo_opengraph-title":"","_yoast_wpseo_opengraph-description":"","_yoast_wpseo_opengraph-image":"","_yoast_wpseo_twitter-title":"","_yoast_wpseo_twitter-description":"","_yoast_wpseo_twitter-image":"","rank_math_description":"","rank_math_canonical_url":"","rank_math_facebook_title":"","rank_math_facebook_description":"","rank_math_facebook_image":"","rank_math_twitter_title":"","rank_math_twitter_description":"","rank_math_twitter_image":"","_seopress_titles_desc":"","_seopress_robots_canonical":"","_seopress_social_fb_title":"","_seopress_social_fb_desc":"","_seopress_social_fb_img":"","_seopress_social_twitter_title":"","_seopress_social_twitter_desc":"","_seopress_social_twitter_img":"","_yoast_wpseo_opengraph-image-id":0,"_yoast_wpseo_twitter-image-id":0,"rank_math_facebook_image_id":0,"rank_math_twitter_image_id":0,"footnotes":""},"class_list":["post-6578","page","type-page","status-publish","hentry"],"_links":{"self":[{"href":"https:\/\/sysoly.com\/de\/wp-json\/wp\/v2\/pages\/6578","targetHints":{"allow":["GET"]}}],"collection":[{"href":"https:\/\/sysoly.com\/de\/wp-json\/wp\/v2\/pages"}],"about":[{"href":"https:\/\/sysoly.com\/de\/wp-json\/wp\/v2\/types\/page"}],"author":[{"embeddable":true,"href":"https:\/\/sysoly.com\/de\/wp-json\/wp\/v2\/users\/1"}],"replies":[{"embeddable":true,"href":"https:\/\/sysoly.com\/de\/wp-json\/wp\/v2\/comments?post=6578"}],"version-history":[{"count":1,"href":"https:\/\/sysoly.com\/de\/wp-json\/wp\/v2\/pages\/6578\/revisions"}],"predecessor-version":[{"id":6583,"href":"https:\/\/sysoly.com\/de\/wp-json\/wp\/v2\/pages\/6578\/revisions\/6583"}],"wp:attachment":[{"href":"https:\/\/sysoly.com\/de\/wp-json\/wp\/v2\/media?parent=6578"}],"curies":[{"name":"wp","href":"https:\/\/api.w.org\/{rel}","templated":true}]}}